{"id":9258,"date":"2024-02-06T03:01:10","date_gmt":"2024-02-06T03:01:10","guid":{"rendered":"https:\/\/gddefense.com\/politica-de-privacidad\/"},"modified":"2026-02-20T22:57:06","modified_gmt":"2026-02-20T22:57:06","slug":"politica-de-privacidad","status":"publish","type":"page","link":"https:\/\/gddefense.com\/es\/politica-de-privacidad\/","title":{"rendered":"Pol\u00edtica de privacidad"},"content":{"rendered":"\n<section class=\"wp-block-group is-layout-constrained wp-block-group-is-layout-constrained\">\n<div class=\"wp-block-group container is-layout-constrained wp-block-group-is-layout-constrained\">\n<p>Nuestro bufete reconoce y respeta su privacidad. Queremos que aproveche al m\u00e1ximo este sitio web y que se sienta seguro al hacerlo. A continuaci\u00f3n se describen las pr\u00e1cticas de recopilaci\u00f3n, uso y divulgaci\u00f3n de informaci\u00f3n de este dominio. Esta pol\u00edtica no aborda la informaci\u00f3n obtenida fuera de l\u00ednea.   <\/p>\n\n\n\n<p>O puede ponerse en contacto con nosotros por tel\u00e9fono en el n\u00famero indicado en esta p\u00e1gina.<\/p>\n\n\n\n<h2 class=\"wp-block-heading\">\u00bfQu\u00e9 informaci\u00f3n personal recopilamos?<\/h2>\n\n\n\n<p>Cuando visita el \u00e1rea p\u00fablica de este sitio web, permanece en el anonimato. Sin embargo, en la medida en que utilice formularios, chats y enlaces de correo electr\u00f3nico a trav\u00e9s del sitio web, o nos llame por tel\u00e9fono para comunicarse con nosotros o con cualquier persona afiliada a nosotros y nos proporcione informaci\u00f3n de identificaci\u00f3n personal, dejar\u00e1 de permanecer en el anonimato. Dado que es imposible predecir todos los contextos concebibles en los que dicha informaci\u00f3n pudiera proporcion\u00e1rsenos por correo electr\u00f3nico, no podemos ofrecerle ninguna garant\u00eda de que la informaci\u00f3n de identificaci\u00f3n personal que decida proporcionarnos por correo electr\u00f3nico se mantendr\u00e1 como privada.  <\/p>\n\n\n\n<p>Este sitio web utiliza \u201ccookies\u201d. Las cookies son peque\u00f1os archivos de texto que se colocan en el disco duro del ordenador del visitante y que nos permiten a nosotros y\/o al proveedor de alojamiento de este sitio web registrar cu\u00e1ntas veces un usuario o los ordenadores dentro de la red de ordenadores de un usuario han visitado el sitio web, el n\u00famero de veces que se ha accedido a diversas p\u00e1ginas del sitio web y realizar un seguimiento de las preferencias de personalizaci\u00f3n de la p\u00e1gina de inicio del usuario. Puede desactivar la recepci\u00f3n de cookies mediante las funciones de su navegador web que deshabilitan o desactivan las cookies. No utilizamos cookies para obtener informaci\u00f3n que no est\u00e9 relacionada con su visita a este sitio web o con su interacci\u00f3n con \u00e9l.   <\/p>\n\n\n\n<p>Recopilamos su direcci\u00f3n de Protocolo de Internet (IP). Una direcci\u00f3n IP es un n\u00famero que se asigna a su ordenador cuando utiliza Internet. Los datos de la direcci\u00f3n IP que recopilamos no contienen ninguna informaci\u00f3n de identificaci\u00f3n personal sobre usted y se utilizan para administrar nuestro sitio, determinar el n\u00famero de visitantes diferentes del sitio y recopilar datos demogr\u00e1ficos. No obstante, cuando usted env\u00eda informaci\u00f3n a trav\u00e9s de este sitio web, esa informaci\u00f3n pasa a ser identificable y se conserva registrada como procedente de su direcci\u00f3n IP. Esta informaci\u00f3n puede utilizarse para identificarle en visitas posteriores a este sitio, y a otros sitios asociados a este, y para personalizar su experiencia de usuario.    <\/p>\n\n\n\n<p>Los datos no identificables personalmente que recopila este sitio web son accesibles para determinado personal del bufete, as\u00ed como para determinados dise\u00f1adores de sitios web de terceros y personal implicado en el servicio de terceros que aloja el sitio web. Utilizamos internamente todos los datos no identificables personalmente que recopilamos, y junto con nuestro dise\u00f1ador y proveedor de alojamiento del sitio web, con el fin de mejorar el sitio web. La informaci\u00f3n se utiliza, por ejemplo, para evaluar qu\u00e9 partes del sitio web son m\u00e1s populares que otras, determinar de d\u00f3nde proceden los visitantes del sitio y determinar cu\u00e1ntas veces y con qu\u00e9 frecuencia se ha accedido a p\u00e1ginas concretas del sitio. Podemos utilizar los datos para elaborar informes sobre la actividad del sitio web como parte del proceso de mantenimiento y mejora del sitio.   <\/p>\n\n\n\n<h2 class=\"wp-block-heading\">\u00bfQu\u00e9 medidas adoptamos para proteger su privacidad?<\/h2>\n\n\n\n<p>En la medida en que lo permita la ley, no venderemos, compartiremos ni divulgaremos de otro modo ninguna de la informaci\u00f3n recopilada en l\u00ednea sin su permiso expreso.<\/p>\n\n\n\n<h2 class=\"wp-block-heading\">\u00bfCu\u00e1les son las pol\u00edticas de privacidad de los sitios a los que enlaza este sitio web?<\/h2>\n\n\n\n<p>Proporcionamos enlaces a sitios web de terceros que no controlamos. Por lo tanto, le instamos a que revise las pol\u00edticas de privacidad publicadas en estos sitios web de terceros la primera vez que los visite. No asumimos ninguna obligaci\u00f3n de revisar ni de garantizar la aplicaci\u00f3n, el cumplimiento o la observancia de la pol\u00edtica de privacidad de cualquier sitio web al que enlacemos.  <\/p>\n\n\n\n<h2 class=\"wp-block-heading\">\u00bfQu\u00e9 ocurre con la privacidad de los menores?<\/h2>\n\n\n\n<p>No recopilamos conscientemente informaci\u00f3n de identificaci\u00f3n personal de ning\u00fan menor de 13 a\u00f1os.<\/p>\n\n\n\n<h2 class=\"wp-block-heading\">\u00bfEl almacenamiento y el tratamiento de datos se realizan en Estados Unidos?<\/h2>\n\n\n\n<p>Independientemente de d\u00f3nde se encuentre, el sitio recopila informaci\u00f3n y procesa y almacena dicha informaci\u00f3n en bases de datos ubicadas en Estados Unidos.<\/p>\n\n\n\n<h2 class=\"wp-block-heading\">\u00bfPodemos revisar esta pol\u00edtica de privacidad?<\/h2>\n\n\n\n<p>Debido a la r\u00e1pida evoluci\u00f3n de las tecnolog\u00edas en Internet, es posible que actualicemos ocasionalmente esta pol\u00edtica de privacidad. Todas las revisiones se publicar\u00e1n aqu\u00ed en el sitio web. Por lo tanto, le instamos a que revise con frecuencia su Pol\u00edtica de privacidad.  <\/p>\n\n\n\n<h2 class=\"wp-block-heading\">\u00bfY si tengo preguntas sobre esta pol\u00edtica de privacidad?<\/h2>\n\n\n\n<p>Nuestro bufete agradece las preguntas y los comentarios sobre este sitio web y sobre esta pol\u00edtica. Puede llamarnos con sus comentarios y preguntas al n\u00famero indicado en esta p\u00e1gina. <\/p>\n<\/div>\n<\/section>\n","protected":false},"excerpt":{"rendered":"<p>Nuestro bufete reconoce y respeta su privacidad. Queremos que aproveche al m\u00e1ximo este sitio web y que se sienta seguro al hacerlo. A continuaci\u00f3n se describen las pr\u00e1cticas de recopilaci\u00f3n, uso y divulgaci\u00f3n de informaci\u00f3n de este dominio. Esta pol\u00edtica no aborda la informaci\u00f3n obtenida fuera de l\u00ednea. O puede ponerse en contacto con nosotros [&hellip;]<\/p>\n","protected":false},"author":1,"featured_media":0,"parent":0,"menu_order":0,"comment_status":"closed","ping_status":"closed","template":"","meta":{"footnotes":""},"class_list":["post-9258","page","type-page","status-publish","hentry"],"_links":{"self":[{"href":"https:\/\/gddefense.com\/es\/wp-json\/wp\/v2\/pages\/9258","targetHints":{"allow":["GET"]}}],"collection":[{"href":"https:\/\/gddefense.com\/es\/wp-json\/wp\/v2\/pages"}],"about":[{"href":"https:\/\/gddefense.com\/es\/wp-json\/wp\/v2\/types\/page"}],"author":[{"embeddable":true,"href":"https:\/\/gddefense.com\/es\/wp-json\/wp\/v2\/users\/1"}],"replies":[{"embeddable":true,"href":"https:\/\/gddefense.com\/es\/wp-json\/wp\/v2\/comments?post=9258"}],"version-history":[{"count":1,"href":"https:\/\/gddefense.com\/es\/wp-json\/wp\/v2\/pages\/9258\/revisions"}],"predecessor-version":[{"id":9259,"href":"https:\/\/gddefense.com\/es\/wp-json\/wp\/v2\/pages\/9258\/revisions\/9259"}],"wp:attachment":[{"href":"https:\/\/gddefense.com\/es\/wp-json\/wp\/v2\/media?parent=9258"}],"curies":[{"name":"wp","href":"https:\/\/api.w.org\/{rel}","templated":true}]}}