{"id":9248,"date":"2024-02-06T14:02:38","date_gmt":"2024-02-06T14:02:38","guid":{"rendered":"https:\/\/gddefense.com\/en-la-prensa\/"},"modified":"2026-03-22T14:10:52","modified_gmt":"2026-03-22T14:10:52","slug":"en-la-prensa","status":"publish","type":"page","link":"https:\/\/gddefense.com\/es\/en-la-prensa\/","title":{"rendered":"En la prensa"},"content":{"rendered":"\n<section class=\"wp-block-group press-pattern is-layout-constrained wp-block-group-is-layout-constrained\">\n<div class=\"wp-block-group container is-layout-constrained wp-block-group-is-layout-constrained\">\n<div class=\"wp-block-group press-pattern__articles is-layout-constrained wp-block-group-is-layout-constrained\">\n<div class=\"wp-block-group press-pattern__article is-layout-constrained wp-block-group-is-layout-constrained\">\n<p>Los nuevos abogados de Rebecca Grossman solicitan un nuevo juicio para anular su condena por asesinato en segundo grado por la muerte de dos hermanos j\u00f3venes en un paso de peatones de Westlake Village.<\/p>\n\n\n\n<p class=\"has-primary-gold-color has-text-color has-link-color wp-elements-4d8399f3e2aebe2b9a137422d473bf7b\"><a href=\"https:\/\/www.latimes.com\/california\/story\/2024-05-14\/rebecca-grossmans-lawyer-files-motion-for-new-trial-seeks-to-overturn-murder-conviction\">Los abogados de Rebecca Grossman presentan una moci\u00f3n para un nuevo juicio y buscan anular la condena por asesinato<\/a><\/p>\n<\/div>\n\n\n\n<div class=\"wp-block-group press-pattern__article is-layout-constrained wp-block-group-is-layout-constrained\">\n<p>Lara Gressley fue citada en la portada de varios peri\u00f3dicos analizando su labor en el Tribunal Supremo en relaci\u00f3n con la confusi\u00f3n en los tribunales respecto a la elegibilidad de los acusados de DUI para programas de desviaci\u00f3n bajo una nueva ley.<\/p>\n\n\n\n<p class=\"has-primary-gold-color has-text-color has-link-color wp-elements-8a11404d780c089a8f1bb0a78315df13\"><a href=\"https:\/\/www.pressenterprise.com\/2021\/09\/26\/misdemeanor-diversion-law-sparks-confusion-disparities-in-dui-cases\/\">La ley de desviaci\u00f3n de delitos menores genera confusi\u00f3n y disparidades en los casos de DUI<\/a><\/p>\n<\/div>\n\n\n\n<div class=\"wp-block-group press-pattern__article is-content-justification-left is-layout-constrained wp-container-core-group-is-layout-8c890d92 wp-block-group-is-layout-constrained\">\n<p>Lara Gressley fue entrevistada sobre su reacci\u00f3n ante una reciente decisi\u00f3n del Tribunal de Apelaci\u00f3n, la cual afirm\u00f3 que se asienta sobre un \u00abterreno legal inestable\u00bb.<\/p>\n\n\n\n<p class=\"has-primary-gold-color has-text-color has-link-color wp-elements-32c0fa50e45354adae6af079cb76e0fc\"><a href=\"https:\/\/www.pressenterprise.com\/2021\/12\/29\/duis-dont-qualify-for-new-diversion-law-appeals-court-rules\/\">Los casos de DUI no califican para la nueva ley de desviaci\u00f3n, dictamina el tribunal de apelaciones<\/a><\/p>\n<\/div>\n\n\n\n<div class=\"wp-block-group press-pattern__article is-content-justification-left is-layout-constrained wp-container-core-group-is-layout-8c890d92 wp-block-group-is-layout-constrained\">\n<p>El bufete obtuvo recientemente un veredicto de no culpabilidad para la esposa del exfiscal del distrito del condado de Riverside.<\/p>\n\n\n\n<p class=\"has-text-align-left has-primary-gold-color has-text-color has-link-color wp-elements-02b770e100636a1e2117ce64ce5f4983\"><a href=\"https:\/\/www.pressenterprise.com\/articles\/prescription-803811-former-wife.html\">Declarada no culpable la esposa de un exfiscal de distrito en un caso de DUI por medicamentos recetados<\/a><\/p>\n<\/div>\n\n\n\n<div class=\"wp-block-group press-pattern__article is-content-justification-left is-layout-constrained wp-container-core-group-is-layout-8c890d92 wp-block-group-is-layout-constrained\">\n<p>En 2018, Lara Gressley se postul\u00f3 para fiscal del distrito del condado de Riverside como candidata a la reforma de la justicia penal. La plataforma electoral de Lara abogaba por poner fin a las pr\u00e1cticas fiscales poco \u00e9ticas, apoyar la reforma de las fianzas para terminar con el encarcelamiento preventivo y reducir el hacinamiento en las c\u00e1rceles, y acabar con el encarcelamiento masivo sin sentido en el condado de Riverside. <\/p>\n\n\n\n<p class=\"has-primary-gold-color has-text-color has-link-color wp-elements-843f59d9ebbdafee42d1a2c203a79fac\"><a href=\"https:\/\/www.pressenterprise.com\/lara-gressley-offers-compelling-ideas-in-race-for-riverside-county-district-attorney\">Puede leer m\u00e1s sobre su campa\u00f1a de 2018 aqu\u00ed.<\/a><\/p>\n<\/div>\n<\/div>\n<\/div>\n<\/section>\n","protected":false},"excerpt":{"rendered":"<p>Los nuevos abogados de Rebecca Grossman solicitan un nuevo juicio para anular su condena por asesinato en segundo grado por la muerte de dos hermanos j\u00f3venes en un paso de peatones de Westlake Village. Los abogados de Rebecca Grossman presentan una moci\u00f3n para un nuevo juicio y buscan anular la condena por asesinato Lara Gressley [&hellip;]<\/p>\n","protected":false},"author":2,"featured_media":0,"parent":0,"menu_order":0,"comment_status":"closed","ping_status":"closed","template":"","meta":{"footnotes":""},"class_list":["post-9248","page","type-page","status-publish","hentry"],"_links":{"self":[{"href":"https:\/\/gddefense.com\/es\/wp-json\/wp\/v2\/pages\/9248","targetHints":{"allow":["GET"]}}],"collection":[{"href":"https:\/\/gddefense.com\/es\/wp-json\/wp\/v2\/pages"}],"about":[{"href":"https:\/\/gddefense.com\/es\/wp-json\/wp\/v2\/types\/page"}],"author":[{"embeddable":true,"href":"https:\/\/gddefense.com\/es\/wp-json\/wp\/v2\/users\/2"}],"replies":[{"embeddable":true,"href":"https:\/\/gddefense.com\/es\/wp-json\/wp\/v2\/comments?post=9248"}],"version-history":[{"count":1,"href":"https:\/\/gddefense.com\/es\/wp-json\/wp\/v2\/pages\/9248\/revisions"}],"predecessor-version":[{"id":9249,"href":"https:\/\/gddefense.com\/es\/wp-json\/wp\/v2\/pages\/9248\/revisions\/9249"}],"wp:attachment":[{"href":"https:\/\/gddefense.com\/es\/wp-json\/wp\/v2\/media?parent=9248"}],"curies":[{"name":"wp","href":"https:\/\/api.w.org\/{rel}","templated":true}]}}