{"id":9246,"date":"2024-02-06T14:01:47","date_gmt":"2024-02-06T14:01:47","guid":{"rendered":"https:\/\/gddefense.com\/contactenos\/"},"modified":"2026-02-23T19:59:42","modified_gmt":"2026-02-23T19:59:42","slug":"contactenos","status":"publish","type":"page","link":"https:\/\/gddefense.com\/es\/contactenos\/","title":{"rendered":"Cont\u00e1ctenos"},"content":{"rendered":"\n<section id=\"contact-us\" class=\"wp-block-group contact-us contact-us__no-bg has-light-background-background-color has-background is-layout-flow wp-block-group-is-layout-flow\">\n<div class=\"wp-block-group container is-layout-constrained wp-block-group-is-layout-constrained\">\n<div class=\"wp-block-group contact-us__row is-layout-flow wp-block-group-is-layout-flow\">\n<div class=\"wp-block-group contact-us__column is-layout-flow wp-block-group-is-layout-flow\">\n<h2 class=\"wp-block-heading\">p\u00f3ngase en contacto con nosotros para empezar a preparar su defensa<\/h2>\n\n\n\n<p>Entendemos que ser acusado de un delito es uno de los momentos m\u00e1s dif\u00edciles de su vida. Conf\u00ede en nosotros para defender sus derechos y brindarle la defensa que se merece. <\/p>\n\n\n\n<div class=\"wp-block-group contact-us__contact-details is-layout-flow wp-block-group-is-layout-flow\">\n<figure class=\"wp-block-image size-full\"><img decoding=\"async\" src=\"\/wp-content\/uploads\/2026\/01\/phone-icon.svg\" alt=\"\" class=\"wp-image-7375\"\/><\/figure>\n\n\n\n<p><a href=\"tel:+19512547286\" data-type=\"tel\" data-id=\"tel:+19512547286\">(951) 254-7286<\/a><\/p>\n<\/div>\n\n\n\n<div class=\"wp-block-group contact-us__contact-details is-layout-flow wp-block-group-is-layout-flow\">\n<figure class=\"wp-block-image size-full\"><img decoding=\"async\" src=\"\/wp-content\/uploads\/2026\/01\/location.svg\" alt=\"\" class=\"wp-image-7376\"\/><\/figure>\n\n\n\n<p><a href=\"https:\/\/maps.app.goo.gl\/5uXPVJ2Jh6oCYXPc8\" data-type=\"link\" data-id=\"https:\/\/maps.app.goo.gl\/5uXPVJ2Jh6oCYXPc8\" target=\"_blank\" rel=\"noreferrer noopener\">Gressley &amp; Donaldson <br>24630 Washington Avenue,<br>Suite 202 Murrieta, CA 92562<\/a><\/p>\n<\/div>\n\n\n\n<div class=\"wp-block-group contact-us__contact-details is-layout-flow wp-block-group-is-layout-flow\">\n<figure class=\"wp-block-image size-full\"><img decoding=\"async\" src=\"\/wp-content\/uploads\/2026\/01\/location.svg\" alt=\"\" class=\"wp-image-7376\"\/><\/figure>\n\n\n\n<p><a href=\"https:\/\/maps.app.goo.gl\/KpaRBjAynoyxvgDF8\" data-type=\"link\" data-id=\"https:\/\/maps.app.goo.gl\/KpaRBjAynoyxvgDF8\" target=\"_blank\" rel=\"noreferrer noopener\">Gressley &amp; Donaldson<br>5053 La Mart Drive,<br>Suite 201 Riverside, CA 92507<\/a><\/p>\n<\/div>\n\n\n\n<div class=\"wp-block-group contact-us__contact-details is-layout-flow wp-block-group-is-layout-flow\">\n<figure class=\"wp-block-image size-full\"><img decoding=\"async\" src=\"\/wp-content\/uploads\/2026\/01\/location.svg\" alt=\"\" class=\"wp-image-7376\"\/><\/figure>\n\n\n\n<p><a href=\"https:\/\/maps.app.goo.gl\/UNqxGtiHSrhi3ucZ7\" target=\"_blank\" rel=\"noreferrer noopener\">Gressley &amp; Donaldson<br>43537 Ridge Park Drive,<br>Temecula, CA 92590<\/a><\/p>\n<\/div>\n<\/div>\n\n\n\n<div class=\"wp-block-group contact-us__column is-layout-constrained wp-block-group-is-layout-constrained\">\n<div class=\"wp-block-contact-form-7-contact-form-selector\">\n<div class=\"wpcf7 no-js\" id=\"wpcf7-f9159-o1\" lang=\"es-ES\" dir=\"ltr\" data-wpcf7-id=\"9159\">\n<div class=\"screen-reader-response\"><p role=\"status\" aria-live=\"polite\" aria-atomic=\"true\"><\/p> <ul><\/ul><\/div>\n<form action=\"\/es\/wp-json\/wp\/v2\/pages\/9246#wpcf7-f9159-o1\" method=\"post\" class=\"wpcf7-form init\" aria-label=\"Formulario de contacto\" novalidate=\"novalidate\" data-status=\"init\">\n<fieldset class=\"hidden-fields-container\"><input type=\"hidden\" name=\"_wpcf7\" value=\"9159\" \/><input type=\"hidden\" name=\"_wpcf7_version\" value=\"6.1.5\" \/><input type=\"hidden\" name=\"_wpcf7_locale\" value=\"es_ES\" \/><input type=\"hidden\" name=\"_wpcf7_unit_tag\" value=\"wpcf7-f9159-o1\" \/><input type=\"hidden\" name=\"_wpcf7_container_post\" value=\"0\" \/><input type=\"hidden\" name=\"_wpcf7_posted_data_hash\" value=\"\" \/>\n<\/fieldset>\n<div class=\"wpcf7-response-output\" aria-hidden=\"true\"><\/div>\n<div class=\"form-row contact-info\">\n <label>Nombre <span class=\"wpcf7-form-control-wrap\" data-name=\"your-name\"><input size=\"40\" maxlength=\"400\" class=\"wpcf7-form-control wpcf7-text wpcf7-validates-as-required\" aria-required=\"true\" aria-invalid=\"false\" placeholder=\"Su nombre\" value=\"\" type=\"text\" name=\"your-name\" \/><\/span><\/label>\n <label>Apellidos <span class=\"wpcf7-form-control-wrap\" data-name=\"your-last-name\"><input size=\"40\" maxlength=\"400\" class=\"wpcf7-form-control wpcf7-text wpcf7-validates-as-required\" aria-required=\"true\" aria-invalid=\"false\" placeholder=\"Sus apellidos\" value=\"\" type=\"text\" name=\"your-last-name\" \/><\/span><\/label>\n<\/div>\n\n<div class=\"form-row contact-info\">\n <label>N\u00famero de tel\u00e9fono <span class=\"wpcf7-form-control-wrap\" data-name=\"your-phone\"><input size=\"40\" maxlength=\"400\" class=\"wpcf7-form-control wpcf7-tel wpcf7-validates-as-required wpcf7-text wpcf7-validates-as-tel\" aria-required=\"true\" aria-invalid=\"false\" placeholder=\"Su n\u00famero de tel\u00e9fono\" value=\"\" type=\"tel\" name=\"your-phone\" \/><\/span> <\/label>\n <label> Direcci\u00f3n de correo electr\u00f3nico <span class=\"wpcf7-form-control-wrap\" data-name=\"your-email\"><input size=\"40\" maxlength=\"400\" class=\"wpcf7-form-control wpcf7-email wpcf7-validates-as-required wpcf7-text wpcf7-validates-as-email\" aria-required=\"true\" aria-invalid=\"false\" placeholder=\"email@email.com\" value=\"\" type=\"email\" name=\"your-email\" \/><\/span> \n <\/label> \n<\/div>\n<div class=\"form-row contact-info input-full-width\">\n    <label>Tipo de caso <span class=\"wpcf7-form-control-wrap\" data-name=\"your-type-of-case\"><input size=\"40\" maxlength=\"400\" class=\"wpcf7-form-control wpcf7-text wpcf7-validates-as-required\" aria-required=\"true\" aria-invalid=\"false\" placeholder=\"\u00bfEn qu\u00e9 podemos ayudarle?\" value=\"\" type=\"text\" name=\"your-type-of-case\" \/><\/span><\/label>\n<\/div>\n<label>  Mensaje <span class=\"wpcf7-form-control-wrap\" data-name=\"your-message\"><textarea cols=\"40\" rows=\"5\" maxlength=\"2000\" class=\"wpcf7-form-control wpcf7-textarea\" aria-invalid=\"false\" placeholder=\"Estamos a su servicio..\" name=\"your-message\"><\/textarea><\/span> <\/label>\n\n<div class=\"consent-row\">\n  <span class=\"wpcf7-form-control-wrap\" data-name=\"consent\"><span class=\"wpcf7-form-control wpcf7-acceptance\"><span class=\"wpcf7-list-item\"><label><input type=\"checkbox\" name=\"consent\" value=\"1\" aria-invalid=\"false\" \/><span class=\"wpcf7-list-item-label\">He le\u00eddo y acepto las <a href=\"\/politica-de-privacidad\/\" target=\"_blank\">Pol\u00edticas de Privacidad<\/a> y <a href=\"\/terminos-de-uso\/\" target=\"_blank\">Condiciones del servcio<\/a>.<\/span><\/label><\/span><\/span><\/span>\n<\/div>\n\n<div class=\"wpcf7-turnstile cf-turnstile\" data-sitekey=\"0x4AAAAAAA0yhdCskzwG-q8d\" data-response-field-name=\"_wpcf7_turnstile_response\"><\/div>\n\n<input class=\"wpcf7-form-control wpcf7-submit has-spinner btn\" type=\"submit\" value=\"Enviar mensaje\" \/><p style=\"display: none !important;\" class=\"akismet-fields-container\" data-prefix=\"_wpcf7_ak_\"><label>&#916;<textarea name=\"_wpcf7_ak_hp_textarea\" cols=\"45\" rows=\"8\" maxlength=\"100\"><\/textarea><\/label><input type=\"hidden\" id=\"ak_js_1\" name=\"_wpcf7_ak_js\" value=\"100\"\/><script>document.getElementById( \"ak_js_1\" ).setAttribute( \"value\", ( new Date() ).getTime() );<\/script><\/p>\n<\/form>\n<\/div>\n<\/div>\n<\/div>\n<\/div>\n<\/div>\n\n\n\n<iframe src=\"https:\/\/www.google.com\/maps\/embed?pb=!1m18!1m12!1m3!1d3309.343908105389!2d-117.33479312428763!3d33.95799907319256!2m3!1f0!2f0!3f0!3m2!1i1024!2i768!4f13.1!3m3!1m2!1s0x80dcafb475dacaa3%3A0xa1ee4ed951944d16!2sGressley%20%26%20Donaldson%20LLP%20-%20Riverside%20DUI%20Attorney%20Criminal%20Defense!5e0!3m2!1sen!2sdz!4v1722207880500!5m2!1sen!2sdz\" width=\"100%\" height=\"254\" style=\"border:0;\" allowfullscreen=\"\" loading=\"lazy\" referrerpolicy=\"no-referrer-when-downgrade\" title=\"Mapa de GDDefense\"><\/iframe>\n<\/section>\n","protected":false},"excerpt":{"rendered":"<p>p\u00f3ngase en contacto con nosotros para empezar a preparar su defensa Entendemos que ser acusado de un delito es uno de los momentos m\u00e1s dif\u00edciles de su vida. Conf\u00ede en nosotros para defender sus derechos y brindarle la defensa que se merece. (951) 254-7286 Gressley &amp; Donaldson 24630 Washington Avenue,Suite 202 Murrieta, CA 92562 Gressley [&hellip;]<\/p>\n","protected":false},"author":2,"featured_media":0,"parent":0,"menu_order":0,"comment_status":"closed","ping_status":"closed","template":"","meta":{"footnotes":""},"class_list":["post-9246","page","type-page","status-publish","hentry"],"_links":{"self":[{"href":"https:\/\/gddefense.com\/es\/wp-json\/wp\/v2\/pages\/9246","targetHints":{"allow":["GET"]}}],"collection":[{"href":"https:\/\/gddefense.com\/es\/wp-json\/wp\/v2\/pages"}],"about":[{"href":"https:\/\/gddefense.com\/es\/wp-json\/wp\/v2\/types\/page"}],"author":[{"embeddable":true,"href":"https:\/\/gddefense.com\/es\/wp-json\/wp\/v2\/users\/2"}],"replies":[{"embeddable":true,"href":"https:\/\/gddefense.com\/es\/wp-json\/wp\/v2\/comments?post=9246"}],"version-history":[{"count":4,"href":"https:\/\/gddefense.com\/es\/wp-json\/wp\/v2\/pages\/9246\/revisions"}],"predecessor-version":[{"id":9828,"href":"https:\/\/gddefense.com\/es\/wp-json\/wp\/v2\/pages\/9246\/revisions\/9828"}],"wp:attachment":[{"href":"https:\/\/gddefense.com\/es\/wp-json\/wp\/v2\/media?parent=9246"}],"curies":[{"name":"wp","href":"https:\/\/api.w.org\/{rel}","templated":true}]}}