{"id":9204,"date":"2024-02-06T14:02:58","date_gmt":"2024-02-06T14:02:58","guid":{"rendered":"https:\/\/gddefense.com\/que-dicen-nuestros-clientes\/"},"modified":"2026-02-16T20:05:54","modified_gmt":"2026-02-16T20:05:54","slug":"que-dicen-nuestros-clientes","status":"publish","type":"page","link":"https:\/\/gddefense.com\/es\/que-dicen-nuestros-clientes\/","title":{"rendered":"Qu\u00e9 dicen nuestros clientes"},"content":{"rendered":"\n<section class=\"wp-block-group awards is-layout-flow wp-block-group-is-layout-flow\">\n<div class=\"wp-block-group container is-nowrap is-layout-flex wp-container-core-group-is-layout-ad2f72ca wp-block-group-is-layout-flex\">\n<div class=\"wp-block-group awards__heading is-layout-constrained wp-block-group-is-layout-constrained\">\n<h2 class=\"wp-block-heading has-text-align-center\">los abogados de defensa penal y DUI de Gressley &amp; Donaldson se enorgullecen de ofrecer resultados<\/h2>\n<\/div>\n\n\n\n<div class=\"wp-block-group awards__main is-layout-flow wp-block-group-is-layout-flow\">\n<figure class=\"wp-block-image size-full\"><img decoding=\"async\" width=\"159\" height=\"158\" src=\"https:\/\/gddefense.com\/wp-content\/uploads\/2024\/02\/image-37-1.png\" alt=\"La gente de Yelp nos elige\" class=\"wp-image-484\" style=\"object-fit:cover\" srcset=\"https:\/\/gddefense.com\/wp-content\/uploads\/2024\/02\/image-37-1.png 159w, https:\/\/gddefense.com\/wp-content\/uploads\/2024\/02\/image-37-1-150x150.png 150w\" sizes=\"(max-width: 159px) 100vw, 159px\" \/><\/figure>\n\n\n\n<figure class=\"wp-block-image size-full\"><img decoding=\"async\" width=\"205\" height=\"160\" src=\"\/wp-content\/uploads\/2024\/02\/image-36-1.png\" alt=\"Calificaci&#xF3;n Avvo de Michael Wayne Donaldson\" class=\"wp-image-485\"\/><\/figure>\n\n\n\n<figure class=\"wp-block-image size-full\"><img decoding=\"async\" width=\"205\" height=\"102\" src=\"https:\/\/gddefense.com\/wp-content\/uploads\/2024\/02\/image-35-1.png\" alt=\"Rese&#xF1;as de Google\" class=\"wp-image-486\"\/><\/figure>\n\n\n\n<figure class=\"wp-block-image size-full\"><img decoding=\"async\" width=\"156\" height=\"50\" src=\"https:\/\/gddefense.com\/wp-content\/uploads\/2024\/02\/image-34-1.png\" alt=\"Calificados por Super Lawyers\" class=\"wp-image-487\"\/><\/figure>\n\n\n\n<figure class=\"wp-block-image size-full\"><img decoding=\"async\" width=\"154\" height=\"130\" src=\"https:\/\/gddefense.com\/wp-content\/uploads\/2024\/02\/lara-avvo.png\" alt=\"Calificaci&#xF3;n de 10,0 en Avvo\" class=\"wp-image-1520\" style=\"object-fit:cover\"\/><\/figure>\n<\/div>\n<\/div>\n<\/section>\n\n<section class=\"wp-block-custom-blocks-text-with-image text-with-image bg-light-blue\" style=\"background-color:#F3F7FB\"><div class=\"container\"><div class=\"text-with-image__row align--right\"><div class=\"column text-with-image__content\"><h2>if results matter to you \u2013 hire the team that delivers<br><\/h2>\n<p>Gressley &amp; Donaldson cuenta con m\u00e1s de 50 a\u00f1os de experiencia combinada en defensa penal y ha defendido miles de casos penales y de DUI durante ese tiempo. Nuestros abogados forman a otros abogados en todo el pa\u00eds en defensa penal y de DUI. Nuestro bufete escribi\u00f3 el tratado principal sobre defensa de DUI, que es utilizado por abogados en todo el pa\u00eds. La persona a la que contrate puede marcar la diferencia en su caso. Ll\u00e1menos hoy mismo al <a href=\"tel:19512547286\">(951) 254-7286<\/a> para que nuestro equipo se encargue de su caso.    <\/p>\n\n\n\n<p>Gressley &amp; Donaldson tiene oficinas en Temecula y Riverside, y ejerce en todo Riverside, San Bernardino, Menifee, Murrieta y el condado de Orange.<\/p>\n<\/div><div class=\"column\"><div class=\"text-with-image__image decoration-align--right \" style=\"aspect-ratio:auto\"><img decoding=\"async\" src=\"https:\/\/gddefense.com\/wp-content\/uploads\/2024\/02\/iStock-1445698708-2.png\" alt=\"Gabel and documents\" style=\"width:100%;height:100%;object-fit:initial\"\/><\/div><\/div><\/div><\/div><\/section>\n","protected":false},"excerpt":{"rendered":"<p>los abogados de defensa penal y DUI de Gressley &amp; Donaldson se enorgullecen de ofrecer resultados<\/p>\n","protected":false},"author":2,"featured_media":0,"parent":0,"menu_order":0,"comment_status":"closed","ping_status":"closed","template":"","meta":{"footnotes":""},"class_list":["post-9204","page","type-page","status-publish","hentry"],"_links":{"self":[{"href":"https:\/\/gddefense.com\/es\/wp-json\/wp\/v2\/pages\/9204","targetHints":{"allow":["GET"]}}],"collection":[{"href":"https:\/\/gddefense.com\/es\/wp-json\/wp\/v2\/pages"}],"about":[{"href":"https:\/\/gddefense.com\/es\/wp-json\/wp\/v2\/types\/page"}],"author":[{"embeddable":true,"href":"https:\/\/gddefense.com\/es\/wp-json\/wp\/v2\/users\/2"}],"replies":[{"embeddable":true,"href":"https:\/\/gddefense.com\/es\/wp-json\/wp\/v2\/comments?post=9204"}],"version-history":[{"count":1,"href":"https:\/\/gddefense.com\/es\/wp-json\/wp\/v2\/pages\/9204\/revisions"}],"predecessor-version":[{"id":9207,"href":"https:\/\/gddefense.com\/es\/wp-json\/wp\/v2\/pages\/9204\/revisions\/9207"}],"wp:attachment":[{"href":"https:\/\/gddefense.com\/es\/wp-json\/wp\/v2\/media?parent=9204"}],"curies":[{"name":"wp","href":"https:\/\/api.w.org\/{rel}","templated":true}]}}