{"id":9189,"date":"2024-02-14T13:52:58","date_gmt":"2024-02-14T13:52:58","guid":{"rendered":"https:\/\/gddefense.com\/antispam\/"},"modified":"2026-02-20T22:56:48","modified_gmt":"2026-02-20T22:56:48","slug":"antispam","status":"publish","type":"page","link":"https:\/\/gddefense.com\/es\/antispam\/","title":{"rendered":"Antispam"},"content":{"rendered":"\n<section class=\"wp-block-group is-layout-constrained wp-block-group-is-layout-constrained\">\n<div class=\"wp-block-group container is-layout-constrained wp-block-group-is-layout-constrained\">\n<p>Contamos con una pol\u00edtica estricta contra el spam. Prohibimos el env\u00edo de correos electr\u00f3nicos masivos no solicitados o correos de cualquier tipo en relaci\u00f3n con el marketing de nuestros sitios web o abogados. <\/p>\n\n\n\n<p>Nuestra definici\u00f3n de spam es cualquier actividad mediante la cual usted transmita, directa o indirectamente, mensajes de correo electr\u00f3nico a cualquier direcci\u00f3n de correo que no haya solicitado dicho mensaje y no consienta dicha transmisi\u00f3n.<\/p>\n\n\n\n<p>Adem\u00e1s, consideramos spam la publicaci\u00f3n de anuncios en grupos de noticias que infrinjan las normas del grupo, en publicaciones que no guarden relaci\u00f3n con el tema o en grupos que no permitan expl\u00edcitamente la publicidad. Esto se aplica tambi\u00e9n a la colocaci\u00f3n de anuncios en tablones de anuncios, foros y salas de chat en contra de las condiciones de participaci\u00f3n de dichos sitios. <\/p>\n\n\n\n<p>Si recibe \u201cspam\u201d de cualquier persona en relaci\u00f3n con nuestro sitio web, servicios o cualquier asunto relacionado con nosotros o nuestros abogados, le rogamos que nos lo comunique directamente.<\/p>\n<\/div>\n<\/section>\n","protected":false},"excerpt":{"rendered":"<p>Contamos con una pol\u00edtica estricta contra el spam. Prohibimos el env\u00edo de correos electr\u00f3nicos masivos no solicitados o correos de cualquier tipo en relaci\u00f3n con el marketing de nuestros sitios web o abogados. Nuestra definici\u00f3n de spam es cualquier actividad mediante la cual usted transmita, directa o indirectamente, mensajes de correo electr\u00f3nico a cualquier direcci\u00f3n [&hellip;]<\/p>\n","protected":false},"author":2,"featured_media":0,"parent":0,"menu_order":0,"comment_status":"closed","ping_status":"closed","template":"","meta":{"footnotes":""},"class_list":["post-9189","page","type-page","status-publish","hentry"],"_links":{"self":[{"href":"https:\/\/gddefense.com\/es\/wp-json\/wp\/v2\/pages\/9189","targetHints":{"allow":["GET"]}}],"collection":[{"href":"https:\/\/gddefense.com\/es\/wp-json\/wp\/v2\/pages"}],"about":[{"href":"https:\/\/gddefense.com\/es\/wp-json\/wp\/v2\/types\/page"}],"author":[{"embeddable":true,"href":"https:\/\/gddefense.com\/es\/wp-json\/wp\/v2\/users\/2"}],"replies":[{"embeddable":true,"href":"https:\/\/gddefense.com\/es\/wp-json\/wp\/v2\/comments?post=9189"}],"version-history":[{"count":1,"href":"https:\/\/gddefense.com\/es\/wp-json\/wp\/v2\/pages\/9189\/revisions"}],"predecessor-version":[{"id":9190,"href":"https:\/\/gddefense.com\/es\/wp-json\/wp\/v2\/pages\/9189\/revisions\/9190"}],"wp:attachment":[{"href":"https:\/\/gddefense.com\/es\/wp-json\/wp\/v2\/media?parent=9189"}],"curies":[{"name":"wp","href":"https:\/\/api.w.org\/{rel}","templated":true}]}}